{"id":876,"date":"2013-09-18T14:44:04","date_gmt":"2013-09-18T12:44:04","guid":{"rendered":"http:\/\/www.escalade-romilly.fr\/?page_id=876"},"modified":"2023-07-09T16:20:30","modified_gmt":"2023-07-09T14:20:30","slug":"accueil-bis","status":"publish","type":"page","link":"https:\/\/www.escalade-romilly.fr\/","title":{"rendered":"Accueil"},"content":{"rendered":"<p>Bienvenue au club d\u2019escalade de Romilly sur Seine\u00a0!<\/p>\n<p>Notre club est en fait l\u2019un des ateliers sportifs de la Maison des Jeunes et de la Culture de Romilly. Son activit\u00e9 se d\u00e9roule principalement sur la structure artificielle d\u2019escalade (SAE) du COSEC de la ville.<\/p>\n<p>Des s\u00e9ances sont organis\u00e9es pour les enfants et les jeunes les mercredi apr\u00e8s-midi et vendredi soir et le samedi matin en famille . L\u2019encadrement est assur\u00e9 par des animateurs tous dipl\u00f4m\u00e9s FFME (F\u00e9d\u00e9ration Fran\u00e7aise de la Montagne et de l\u2019Escalade).<\/p>\n<p><a href=\"https:\/\/www.escalade-romilly.fr\/wp-content\/uploads\/2022\/03\/IMG_20220302_175546-scaled.jpg\"><img decoding=\"async\" loading=\"lazy\" class=\"alignright  wp-image-2140\" src=\"https:\/\/www.escalade-romilly.fr\/wp-content\/uploads\/2022\/03\/IMG_20220302_175546-300x225.jpg\" alt=\"\" width=\"163\" height=\"122\" srcset=\"https:\/\/www.escalade-romilly.fr\/wp-content\/uploads\/2022\/03\/IMG_20220302_175546-300x225.jpg 300w, https:\/\/www.escalade-romilly.fr\/wp-content\/uploads\/2022\/03\/IMG_20220302_175546-1024x768.jpg 1024w, https:\/\/www.escalade-romilly.fr\/wp-content\/uploads\/2022\/03\/IMG_20220302_175546-768x576.jpg 768w, https:\/\/www.escalade-romilly.fr\/wp-content\/uploads\/2022\/03\/IMG_20220302_175546-1536x1152.jpg 1536w, https:\/\/www.escalade-romilly.fr\/wp-content\/uploads\/2022\/03\/IMG_20220302_175546-2048x1536.jpg 2048w\" sizes=\"(max-width: 163px) 100vw, 163px\" \/><\/a><\/p>\n<p>Chaque mois, une s\u00e9ance est\u00a0 organis\u00e9e pour les jeunes de l\u2019IME (Institut M\u00e9dical Educatif) de Maizi\u00e8res. Ces s\u00e9ances rencontrent un grand succ\u00e8s.<\/p>\n<p>Pour les adultes d\u00e9sirant une pratique plus tranquille de l\u2019escalade, des s\u00e9ances sont ouvertes trois soirs par semaine<\/p>\n<p style=\"text-align: justify;\">Lorsque le temps le permet, des sorties dominicales sur les falaises de la r\u00e9gion sont organis\u00e9es. Lors de cong\u00e9s ou week-end prolong\u00e9s, des s\u00e9jours plus lointains (Bourgogne, Savoie, Provence par exemple) sont propos\u00e9s aux adultes et aux jeunes autonomes.<\/p>\n<p style=\"text-align: justify;\">Pour terminer cette br\u00e8ve pr\u00e9sentation du club, signalons que l\u2019ambiance au club est amicale. Un grimpeur fraichement\u00a0 arriv\u00e9 ne reste jamais au pied des voies \u00e0 admirer les performances des autres. Il y a toujours quelqu\u2019un pour l\u2019assurer et lui permettre de go\u00fbter aux joies de l\u2019escalade.<\/p>\n<p style=\"text-align: justify;\">Enfin, pour ceux qui h\u00e9siteraient encore \u00e0 venir nous retrouver, le beau texte qui suit devrait achever de les convaincre.<\/p>\n<p>\u00a0<a href=\"https:\/\/www.escalade-romilly.fr\/wp-content\/uploads\/2013\/09\/3-photos-verticales.jpg\"><img decoding=\"async\" loading=\"lazy\" class=\"alignleft size-full wp-image-969\" title=\"3 photos verticales\" src=\"https:\/\/www.escalade-romilly.fr\/wp-content\/uploads\/2013\/09\/3-photos-verticales.jpg\" alt=\"\" width=\"180\" height=\"720\" srcset=\"https:\/\/www.escalade-romilly.fr\/wp-content\/uploads\/2013\/09\/3-photos-verticales.jpg 180w, https:\/\/www.escalade-romilly.fr\/wp-content\/uploads\/2013\/09\/3-photos-verticales-75x300.jpg 75w\" sizes=\"(max-width: 180px) 100vw, 180px\" \/><\/a><\/p>\n<p><em>L\u2019escalade, en lisant ce mot on peut s\u2019imaginer en montagne, sur les rochers, dans les Alpes, avec un guide, en exp\u00e9dition ou au d\u00e9part d\u2019une grande aventure\u2026<\/em><\/p>\n<p><em>Il n\u2019en est rien, nous avons les pieds bien pos\u00e9s \u00e0 Romilly, dans la salle de sport du COSEC ; bien entendu les pieds sont au sol avant d\u2019attaquer la face \u00ab\u00a0Est\u00a0\u00bb du mur d\u2019escalade artificiel.<\/em><\/p>\n<p><em>Car une fois que les doigts ont fait le plein de pof (magn\u00e9sie), notre seul et unique but est d\u2019atteindre les sommets\u2026 du mur\u00a0!<\/em><\/p>\n<p><em>Quelle superbe vue de l\u2019int\u00e9rieur du COSEC \u00e0 10 m\u00e8tres d\u2019altitude\u00a0!<\/em><\/p>\n<p><em>L\u2019escalade est un sport complet, pratiqu\u00e9 en toute s\u00e9curit\u00e9. Ce sport permet de travailler la coordination gestuelle, la r\u00e9flexion, de dominer sa peur, de contr\u00f4ler ses gestes ; la r\u00e9flexion est indispensable pour bien grimper. Tous les muscles sont sollicit\u00e9s, de ceux du doigt de pied jusqu\u2019\u00e0 ceux de la nuque en passant par les dorsaux\u00a0! Dans ce sport pas de probl\u00e8mes vert\u00e9braux, le risque, un petit choc quand une prise d\u00e9cide de venir \u00e0 la rencontre d\u2019un genou\u00a0!<\/em><\/p>\n<p><em>Nous accueillons tous les jours des grimpeurs de tout age, de 7 \u00e0 77 ans.<\/em><\/p>\n<p><em>\u00a0<\/em><\/p>\n<p><em>\u00a0<\/em><\/p>\n<p><em>Mais pas d\u2019obligation de concourir, ceux qui con\u00e7oivent l\u2019escalade uniquement comme un sport de loisir peuvent laisser les comp\u00e9titions aux aspirants champions\u00a0!<\/em><\/p>\n<p><em>R\u00e9guli\u00e8rement nous accueillons des jeunes en situation de handicap de l\u2019IME (Instituts M\u00e9dicaux Educatifs) de Maizi\u00e8res la Grande Paroisse ainsi que des jeunes des I T E P de SEZANNE et de MERY SUR SEINE. Il est surprenant de voir ces jeunes \u00e9voluer de s\u00e9ance en s\u00e9ance, prendre confiance en eux, dominer leur peur, arriver \u00e0 escalader une montagne (ce que repr\u00e9sente le mur au premier contact) et trouver lors de ces moments une source d\u2019\u00e9panouissement !<\/em><\/p>\n<p><em>Quand on vous dit que les pieds sont solidement pos\u00e9s \u00e0 Romilly, ce n\u2019est pas tout \u00e0 fait vrai. Le mur est avant tout le moyen d\u2019acqu\u00e9rir une solide technique avant de se tester en ext\u00e9rieur.<\/em><\/p>\n<p><em>Les occasions sont nombreuses d\u2019aller justement \u00e9valuer notre technique en falaise ou en montagne<\/em><\/p>\n<p><em>Dans ces conditions, les rep\u00e8res changent, la nature prend le dessus et il faut vaincre l\u2019appr\u00e9hension de l\u2019inconnu. Cette escalade est tr\u00e8s diff\u00e9rente de celle pratiqu\u00e9e sur un mur, moins rassurante, plus expos\u00e9e mais quelle sensation d\u2019\u00e9voluer dans des paysages magnifiques et quelle satisfaction de vaincre notre Annapurna\u00a0!<\/em><\/p>\n<p><em>F.OUDIN<\/em><\/p>\n<p><a href=\"https:\/\/www.escalade-romilly.fr\/wp-content\/uploads\/2013\/09\/3-photos-horizontales.jpg\"><img decoding=\"async\" loading=\"lazy\" class=\"alignleft size-full wp-image-968\" title=\"3 photos horizontales\" src=\"https:\/\/www.escalade-romilly.fr\/wp-content\/uploads\/2013\/09\/3-photos-horizontales.jpg\" alt=\"\" width=\"660\" height=\"200\" srcset=\"https:\/\/www.escalade-romilly.fr\/wp-content\/uploads\/2013\/09\/3-photos-horizontales.jpg 660w, https:\/\/www.escalade-romilly.fr\/wp-content\/uploads\/2013\/09\/3-photos-horizontales-300x90.jpg 300w\" sizes=\"(max-width: 660px) 100vw, 660px\" \/><\/a><\/p>\n","protected":false},"excerpt":{"rendered":"<p>Bienvenue au club d\u2019escalade de Romilly sur Seine\u00a0! Notre club est en fait l\u2019un des ateliers sportifs de la Maison des Jeunes et de la Culture de Romilly. Son activit\u00e9 se d\u00e9roule principalement sur la structure artificielle d\u2019escalade (SAE) du &hellip; <a class=\"more-link\" href=\"https:\/\/www.escalade-romilly.fr\/\">Continue reading <span class=\"meta-nav\">&rarr;<\/span><\/a><\/p>\n","protected":false},"author":1,"featured_media":0,"parent":0,"menu_order":0,"comment_status":"closed","ping_status":"closed","template":"","meta":{"footnotes":""},"_links":{"self":[{"href":"https:\/\/www.escalade-romilly.fr\/index.php?rest_route=\/wp\/v2\/pages\/876"}],"collection":[{"href":"https:\/\/www.escalade-romilly.fr\/index.php?rest_route=\/wp\/v2\/pages"}],"about":[{"href":"https:\/\/www.escalade-romilly.fr\/index.php?rest_route=\/wp\/v2\/types\/page"}],"author":[{"embeddable":true,"href":"https:\/\/www.escalade-romilly.fr\/index.php?rest_route=\/wp\/v2\/users\/1"}],"replies":[{"embeddable":true,"href":"https:\/\/www.escalade-romilly.fr\/index.php?rest_route=%2Fwp%2Fv2%2Fcomments&post=876"}],"version-history":[{"count":31,"href":"https:\/\/www.escalade-romilly.fr\/index.php?rest_route=\/wp\/v2\/pages\/876\/revisions"}],"predecessor-version":[{"id":2240,"href":"https:\/\/www.escalade-romilly.fr\/index.php?rest_route=\/wp\/v2\/pages\/876\/revisions\/2240"}],"wp:attachment":[{"href":"https:\/\/www.escalade-romilly.fr\/index.php?rest_route=%2Fwp%2Fv2%2Fmedia&parent=876"}],"curies":[{"name":"wp","href":"https:\/\/api.w.org\/{rel}","templated":true}]}}